{"id":38330,"date":"2023-09-05T13:14:12","date_gmt":"2023-09-05T13:14:12","guid":{"rendered":"https:\/\/cafepost.com.br\/?page_id=38330"},"modified":"2025-06-04T11:04:34","modified_gmt":"2025-06-04T11:04:34","slug":"about","status":"publish","type":"page","link":"https:\/\/cafepost.com.br\/de\/about\/","title":{"rendered":"\u00dcber Caf\u00e9 Post"},"content":{"rendered":"<div class=\"mx-5 sm:mx-0 prose leading-relaxed text-lg mb-5 text-left wp-paragraph\">\n<p>DER <strong>Caf\u00e9 Post<\/strong> ist Ihr zuverl\u00e4ssiger Ort f\u00fcr Karriereentwicklung mit Klarheit und Strategie. Hier finden Sie ausf\u00fchrliche Inhalte zu beruflicher Entwicklung, M\u00f6glichkeiten zur Fernarbeit, Strategien zur Jobsuche und \u2013 vor allem \u2013 <strong>Kurs- und Trainingsempfehlungen<\/strong> die f\u00fcr Ihre Karriere wirklich von Bedeutung sind. Wir beobachten au\u00dferdem aufmerksam die Entwicklungen auf dem Arbeitsmarkt und die Trends in gro\u00dfen Unternehmen.<\/p>\n<\/div><div class=\"mx-5 sm:mx-0 prose leading-relaxed text-lg mb-5 text-left wp-paragraph\">\n<p>Angesichts der vielen Ver\u00e4nderungen in der Berufswelt kann man sich angesichts der Informationsflut schnell verloren f\u00fchlen. Deshalb gibt es Caf\u00e9 Post: Wir \u00fcbersetzen komplexe Themen \u2013 wie Vorstellungsgespr\u00e4che, berufliche Ver\u00e4nderungen, neue Arbeitsmodelle und Weiterbildung \u2013 in praktische Anleitungen, die Ihnen helfen, Entscheidungen sicher zu treffen und sich auf das Wesentliche zu konzentrieren.<\/p>\n<\/div><div class=\"mx-5 sm:mx-0 prose leading-relaxed text-lg mb-5 text-left wp-paragraph\">\n<p>W\u00e4hrend wir Informationen \u00fcber vorgestellte Jobs und Arbeitgeber teilen, ist es wichtig, daran zu denken, dass Caf\u00e9 Post <strong>fungiert nicht als Personalvermittler<\/strong> und hat keine Verbindungen zu den genannten Unternehmen. Unsere Rolle besteht darin, Auswahlprozesse zu informieren, zu begleiten und zu unterst\u00fctzen, nicht aber zu vermitteln.<\/p>\n<\/div><!--advertisement--><div class=\"mx-5 sm:mx-0 sm:text-3xl text-2xl font-medium title-font mb-4 text-gray-900 text-left\">\n<h3 class=\"wp-block-heading\"><strong>Unsere Mission<\/strong><\/h3>\n<\/div><div class=\"mx-5 sm:mx-0 prose leading-relaxed text-lg mb-5 text-left wp-paragraph\">\n<p>Wir m\u00f6chten eine praktische und ehrliche Ressource f\u00fcr diejenigen sein, die sich beruflich weiterentwickeln m\u00f6chten \u2013 egal, ob sie in den Markt einsteigen, ihren Karriereweg neu bewerten oder sich an neue Arbeitsdynamiken anpassen. Und wir wissen, dass <strong>kontinuierliche Weiterbildung<\/strong> ist ein wesentlicher Bestandteil dieses Prozesses. Daher legen wir Wert auf Inhalte, die echte Lern- und Entwicklungsm\u00f6glichkeiten aufzeigen.<\/p>\n<\/div><div class=\"mx-5 sm:mx-0 prose leading-relaxed text-lg mb-5 text-left wp-paragraph\">\n<p>Wir erstellen unsere Materialien auf der Grundlage zuverl\u00e4ssiger Daten, Marktanalysen und praktischer Erfahrung \u2013 ohne leere Abk\u00fcrzungen oder \u00fcbertriebene Versprechungen. Unsere Mission ist es, Ihnen zu helfen, die Markterwartungen besser zu verstehen und sich authentisch und vorbereitet zu positionieren.<\/p>\n<\/div><!--advertisement--><div class=\"mx-5 sm:mx-0 sm:text-3xl text-2xl font-medium title-font mb-4 text-gray-900 text-left\">\n<h3 class=\"wp-block-heading\"><strong>Was Sie finden werden<\/strong><\/h3>\n<\/div><div class=\"mx-5 sm:mx-0 prose leading-relaxed text-lg mb-5 text-left wp-paragraph\">\n<p>Unsere Inhalte sind auf die spezifischen Bed\u00fcrfnisse derjenigen zugeschnitten, die sich in der Arbeitswelt zurechtfinden. Jeder Abschnitt behandelt einen konkreten Aspekt Ihrer beruflichen Laufbahn:<\/p>\n<\/div><div class=\"mx-5 sm:mx-0 prose leading-relaxed text-lg mb-5 text-left wp-paragraph\">\n<p>\ud83d\udd39 <strong>Karriereplanung und pers\u00f6nliche Entwicklung<\/strong><strong><br><\/strong>Entdecken Sie, wie Sie Ziele identifizieren, F\u00e4higkeiten entwickeln und Ziele setzen, die auf Ihr Profil und das aktuelle Szenario abgestimmt sind, mit Schwerpunkt auf <strong>Kurs- und Trainingstipps<\/strong> f\u00fcr verschiedene Bereiche relevant.<\/p>\n<\/div><div class=\"mx-5 sm:mx-0 prose leading-relaxed text-lg mb-5 text-left wp-paragraph\">\n<p>\ud83d\udd39 <strong>Jobsuche und Bewerbung<\/strong><strong><br><\/strong>Praktische Richtlinien zum Erstellen eines ansprechenden Lebenslaufs, zum Verfassen guter Anschreiben und zur St\u00e4rkung Ihres professionellen Images in den sozialen Medien \u2013 unverzichtbar in modernen Auswahlprozessen.<\/p>\n<\/div><div class=\"mx-5 sm:mx-0 prose leading-relaxed text-lg mb-5 text-left wp-paragraph\">\n<p>\ud83d\udd39 <strong>Interviews und Verhaltenskompetenzen<\/strong><strong><br><\/strong>Erfahren Sie, wie Sie sich auf Vorstellungsgespr\u00e4che und h\u00e4ufig gestellte Fragen vorbereiten und wie Sie Ihre zwischenmenschlichen F\u00e4higkeiten wie Kommunikation, Proaktivit\u00e4t und Zusammenarbeit verbessern.<\/p>\n<\/div><div class=\"mx-5 sm:mx-0 prose leading-relaxed text-lg mb-5 text-left wp-paragraph\">\n<p>\ud83d\udd39 <strong>Remote Work und flexible Modelle<\/strong><strong><br><\/strong>Tools und Strategien f\u00fcr alle, die remote arbeiten (oder arbeiten m\u00f6chten), mit Tipps zu Zeitmanagement, Produktivit\u00e4t, digitaler Etikette und t\u00e4glicher Organisation.<\/p>\n<\/div><div class=\"mx-5 sm:mx-0 prose leading-relaxed text-lg mb-5 text-left wp-paragraph\">\n<p>\ud83d\udd39 <strong>Chancen in f\u00fchrenden Unternehmen<\/strong><strong><br><\/strong>Regelm\u00e4\u00dfige Updates mit Stellenangeboten in gro\u00dfen Unternehmen. Dieser Inhalt ist informativ, das hei\u00dft, Caf\u00e9 Post <strong>vertritt die Unternehmen nicht und fungiert auch nicht als Vermittler gegen\u00fcber diesen.<\/strong><\/p>\n<\/div><!--advertisement--><div class=\"mx-5 sm:mx-0 sm:text-3xl text-2xl font-medium title-font mb-4 text-gray-900 text-left\">\n<h3 class=\"wp-block-heading\"><strong>Unsere Arbeitsweise<\/strong><\/h3>\n<\/div><div class=\"mx-5 sm:mx-0 prose leading-relaxed text-lg mb-5 text-left wp-paragraph\">\n<p>Caf\u00e9 Post ist ein unabh\u00e4ngiges Redaktionsprojekt, das sich Klarheit und Transparenz verpflichtet f\u00fchlt. Alle Inhalte werden intern entwickelt, basierend auf hochwertiger Recherche, Markterfahrung und Verantwortung gegen\u00fcber unseren Lesern. <strong>Wir akzeptieren keine bezahlten Partnerschaften zur Werbung f\u00fcr Unternehmen oder Stellenangebote.<\/strong><\/p>\n<\/div><div class=\"mx-5 sm:mx-0 prose leading-relaxed text-lg mb-5 text-left wp-paragraph\">\n<p>Wir sind \u00fcberzeugt, dass jeder Zugang zu fundierten Informationen haben sollte, um fundierte Karriereentscheidungen treffen zu k\u00f6nnen. Und dass kontinuierliches Lernen \u2013 durch Kurse, Mentoring oder zuverl\u00e4ssige Inhalte \u2013 eine der wirksamsten M\u00f6glichkeiten zur beruflichen Weiterentwicklung ist.<\/p>\n<\/div><div class=\"mx-5 sm:mx-0 prose leading-relaxed text-lg mb-5 text-left wp-paragraph\">\n<p>Unsere Aufgabe besteht nicht darin, mit Geschichten zu inspirieren oder Zauberformeln zu versprechen. Wir bieten Ihnen n\u00fctzliche, respektvolle und zug\u00e4ngliche Inhalte. Caf\u00e9 Post m\u00f6chte Sie auf Ihrem Weg mit klaren Informationen unterst\u00fctzen, ohne \u00dcbertreibungen und mit echten Tools, die Ihnen helfen, sich auf dem Markt abzuheben.<\/p>\n<\/div><div class=\"mx-5 sm:mx-0 prose leading-relaxed text-lg mb-5 text-left wp-paragraph\">\n<p><\/p>\n<\/div>","protected":false},"excerpt":{"rendered":"<p>Caf\u00e9 Post ist Ihr zuverl\u00e4ssiger Ort, um Ihre Karriere klar und strategisch voranzutreiben. Hier finden Sie ausf\u00fchrliche Inhalte zu beruflicher Entwicklung, M\u00f6glichkeiten zur Fernarbeit, Strategien zur Jobsuche und \u2013 vor allem \u2013 Empfehlungen f\u00fcr Kurse und Schulungen, die Ihre Karriere entscheidend voranbringen. Wir beobachten au\u00dferdem aufmerksam die Entwicklungen\u2026 <a class=\"more-link\" href=\"https:\/\/cafepost.com.br\/de\/about\/\">Weiterlesen <span class=\"screen-reader-text\">\u00dcber Caf\u00e9 Post<\/span><\/a><\/p>","protected":false},"author":16,"featured_media":0,"parent":0,"menu_order":0,"comment_status":"closed","ping_status":"closed","template":"","meta":[],"yoast_head":"<!-- This site is optimized with the Yoast SEO plugin v21.1 - https:\/\/yoast.com\/wordpress\/plugins\/seo\/ -->\n<title>Sobre o Caf\u00e9 Post - Caf\u00e9 Post<\/title>\n<meta name=\"robots\" content=\"index, follow, max-snippet:-1, max-image-preview:large, max-video-preview:-1\" \/>\n<link rel=\"canonical\" href=\"https:\/\/cafepost.com.br\/de\/about\/\" \/>\n<meta property=\"og:locale\" content=\"de_DE\" \/>\n<meta property=\"og:type\" content=\"article\" \/>\n<meta property=\"og:title\" content=\"Sobre o Caf\u00e9 Post - Caf\u00e9 Post\" \/>\n<meta property=\"og:description\" content=\"O Caf\u00e9 Post \u00e9 o seu espa\u00e7o confi\u00e1vel para crescer na carreira com clareza e estrat\u00e9gia. Aqui, voc\u00ea encontra conte\u00fados aprofundados sobre desenvolvimento profissional, oportunidades de trabalho remoto, estrat\u00e9gias para buscar emprego e \u2014 com destaque \u2014 indica\u00e7\u00f5es de cursos e capacita\u00e7\u00f5es que realmente fazem diferen\u00e7a no seu percurso. Tamb\u00e9m acompanhamos de perto os movimentos&hellip; Continue reading Sobre o Caf\u00e9 Post\" \/>\n<meta property=\"og:url\" content=\"https:\/\/cafepost.com.br\/de\/about\/\" \/>\n<meta property=\"og:site_name\" content=\"Caf\u00e9 Post\" \/>\n<meta property=\"article:modified_time\" content=\"2025-06-04T11:04:34+00:00\" \/>\n<meta name=\"twitter:card\" content=\"summary_large_image\" \/>\n<meta name=\"twitter:label1\" content=\"Est. reading time\" \/>\n\t<meta name=\"twitter:data1\" content=\"4 Minuten\" \/>\n<script type=\"application\/ld+json\" class=\"yoast-schema-graph\">{\"@context\":\"https:\/\/schema.org\",\"@graph\":[{\"@type\":\"WebPage\",\"@id\":\"https:\/\/cafepost.com.br\/about\/\",\"url\":\"https:\/\/cafepost.com.br\/about\/\",\"name\":\"Sobre o Caf\u00e9 Post - Caf\u00e9 Post\",\"isPartOf\":{\"@id\":\"https:\/\/cafepost.com.br\/#website\"},\"datePublished\":\"2023-09-05T13:14:12+00:00\",\"dateModified\":\"2025-06-04T11:04:34+00:00\",\"breadcrumb\":{\"@id\":\"https:\/\/cafepost.com.br\/about\/#breadcrumb\"},\"inLanguage\":\"de-DE\",\"potentialAction\":[{\"@type\":\"ReadAction\",\"target\":[\"https:\/\/cafepost.com.br\/about\/\"]}]},{\"@type\":\"BreadcrumbList\",\"@id\":\"https:\/\/cafepost.com.br\/about\/#breadcrumb\",\"itemListElement\":[{\"@type\":\"ListItem\",\"position\":1,\"name\":\"Home\",\"item\":\"https:\/\/cafepost.com.br\/\"},{\"@type\":\"ListItem\",\"position\":2,\"name\":\"Sobre o Caf\u00e9 Post\"}]},{\"@type\":\"WebSite\",\"@id\":\"https:\/\/cafepost.com.br\/#website\",\"url\":\"https:\/\/cafepost.com.br\/\",\"name\":\"Caf\u00e9 Post\",\"description\":\"\",\"potentialAction\":[{\"@type\":\"SearchAction\",\"target\":{\"@type\":\"EntryPoint\",\"urlTemplate\":\"https:\/\/cafepost.com.br\/?s={search_term_string}\"},\"query-input\":\"required name=search_term_string\"}],\"inLanguage\":\"de-DE\"}]}<\/script>\n<!-- \/ Yoast SEO plugin. -->","yoast_head_json":{"title":"Sobre o Caf\u00e9 Post - Caf\u00e9 Post","robots":{"index":"index","follow":"follow","max-snippet":"max-snippet:-1","max-image-preview":"max-image-preview:large","max-video-preview":"max-video-preview:-1"},"canonical":"https:\/\/cafepost.com.br\/de\/about\/","og_locale":"de_DE","og_type":"article","og_title":"Sobre o Caf\u00e9 Post - Caf\u00e9 Post","og_description":"O Caf\u00e9 Post \u00e9 o seu espa\u00e7o confi\u00e1vel para crescer na carreira com clareza e estrat\u00e9gia. Aqui, voc\u00ea encontra conte\u00fados aprofundados sobre desenvolvimento profissional, oportunidades de trabalho remoto, estrat\u00e9gias para buscar emprego e \u2014 com destaque \u2014 indica\u00e7\u00f5es de cursos e capacita\u00e7\u00f5es que realmente fazem diferen\u00e7a no seu percurso. Tamb\u00e9m acompanhamos de perto os movimentos&hellip; Continue reading Sobre o Caf\u00e9 Post","og_url":"https:\/\/cafepost.com.br\/de\/about\/","og_site_name":"Caf\u00e9 Post","article_modified_time":"2025-06-04T11:04:34+00:00","twitter_card":"summary_large_image","twitter_misc":{"Est. reading time":"4 Minuten"},"schema":{"@context":"https:\/\/schema.org","@graph":[{"@type":"WebPage","@id":"https:\/\/cafepost.com.br\/about\/","url":"https:\/\/cafepost.com.br\/about\/","name":"Sobre o Caf\u00e9 Post - Caf\u00e9 Post","isPartOf":{"@id":"https:\/\/cafepost.com.br\/#website"},"datePublished":"2023-09-05T13:14:12+00:00","dateModified":"2025-06-04T11:04:34+00:00","breadcrumb":{"@id":"https:\/\/cafepost.com.br\/about\/#breadcrumb"},"inLanguage":"de-DE","potentialAction":[{"@type":"ReadAction","target":["https:\/\/cafepost.com.br\/about\/"]}]},{"@type":"BreadcrumbList","@id":"https:\/\/cafepost.com.br\/about\/#breadcrumb","itemListElement":[{"@type":"ListItem","position":1,"name":"Home","item":"https:\/\/cafepost.com.br\/"},{"@type":"ListItem","position":2,"name":"Sobre o Caf\u00e9 Post"}]},{"@type":"WebSite","@id":"https:\/\/cafepost.com.br\/#website","url":"https:\/\/cafepost.com.br\/","name":"Caf\u00e9 Post","description":"","potentialAction":[{"@type":"SearchAction","target":{"@type":"EntryPoint","urlTemplate":"https:\/\/cafepost.com.br\/?s={search_term_string}"},"query-input":"required name=search_term_string"}],"inLanguage":"de-DE"}]}},"_links":{"self":[{"href":"https:\/\/cafepost.com.br\/de\/wp-json\/wp\/v2\/pages\/38330"}],"collection":[{"href":"https:\/\/cafepost.com.br\/de\/wp-json\/wp\/v2\/pages"}],"about":[{"href":"https:\/\/cafepost.com.br\/de\/wp-json\/wp\/v2\/types\/page"}],"author":[{"embeddable":true,"href":"https:\/\/cafepost.com.br\/de\/wp-json\/wp\/v2\/users\/16"}],"replies":[{"embeddable":true,"href":"https:\/\/cafepost.com.br\/de\/wp-json\/wp\/v2\/comments?post=38330"}],"version-history":[{"count":0,"href":"https:\/\/cafepost.com.br\/de\/wp-json\/wp\/v2\/pages\/38330\/revisions"}],"wp:attachment":[{"href":"https:\/\/cafepost.com.br\/de\/wp-json\/wp\/v2\/media?parent=38330"}],"curies":[{"name":"wp","href":"https:\/\/api.w.org\/{rel}","templated":true}]}}