{"id":38330,"date":"2023-09-05T13:14:12","date_gmt":"2023-09-05T13:14:12","guid":{"rendered":"https:\/\/cafepost.com.br\/?page_id=38330"},"modified":"2025-06-04T11:04:34","modified_gmt":"2025-06-04T11:04:34","slug":"about","status":"publish","type":"page","link":"https:\/\/cafepost.com.br\/fr\/about\/","title":{"rendered":"\u00c0 propos de Caf\u00e9 Post"},"content":{"rendered":"<div class=\"mx-5 sm:mx-0 prose leading-relaxed text-lg mb-5 text-left wp-paragraph\">\n<p>LE <strong>Poste de caf\u00e9<\/strong> est votre espace de confiance pour une \u00e9volution professionnelle claire et strat\u00e9gique. Vous y trouverez du contenu approfondi sur le d\u00e9veloppement professionnel, les opportunit\u00e9s de t\u00e9l\u00e9travail, les strat\u00e9gies de recherche d&#039;emploi et, surtout, <strong>recommandations de cours et de formation<\/strong> qui font r\u00e9ellement la diff\u00e9rence dans votre carri\u00e8re. Nous suivons \u00e9galement de pr\u00e8s les \u00e9volutions et les tendances du march\u00e9 du travail dans les grandes entreprises.<\/p>\n<\/div><div class=\"mx-5 sm:mx-0 prose leading-relaxed text-lg mb-5 text-left wp-paragraph\">\n<p>Avec les nombreux changements qui s&#039;op\u00e8rent dans le monde professionnel, il est courant de se sentir perdu dans la surcharge d&#039;informations. C&#039;est la raison d&#039;\u00eatre de Caf\u00e9 Post\u00a0: traduire des sujets complexes \u2013 comme les entretiens, les transitions de carri\u00e8re, les nouveaux mod\u00e8les de travail et la formation continue \u2013 en conseils pratiques pour vous aider \u00e0 prendre des d\u00e9cisions en toute confiance et \u00e0 vous concentrer sur l&#039;essentiel.<\/p>\n<\/div><div class=\"mx-5 sm:mx-0 prose leading-relaxed text-lg mb-5 text-left wp-paragraph\">\n<p>Bien que nous partagions des informations sur les emplois et les employeurs en vedette, il est important de se rappeler que Caf\u00e9 Post <strong>n&#039;agit pas en tant que recruteur<\/strong> et n&#039;a aucun lien avec les entreprises mentionn\u00e9es. Notre r\u00f4le est d&#039;informer, de guider et d&#039;accompagner, et non de servir de m\u00e9diateur dans les processus de s\u00e9lection.<\/p>\n<\/div><!--advertisement--><div class=\"mx-5 sm:mx-0 sm:text-3xl text-2xl font-medium title-font mb-4 text-gray-900 text-left\">\n<h3 class=\"wp-block-heading\"><strong>Notre mission<\/strong><\/h3>\n<\/div><div class=\"mx-5 sm:mx-0 prose leading-relaxed text-lg mb-5 text-left wp-paragraph\">\n<p>Nous souhaitons \u00eatre une ressource pratique et honn\u00eate pour ceux qui recherchent une \u00e9volution professionnelle, qu&#039;ils entrent sur le march\u00e9 du travail, r\u00e9\u00e9valuent leur parcours professionnel ou s&#039;adaptent \u00e0 une nouvelle dynamique de travail. Et nous le savons. <strong>formation continue<\/strong> est un \u00e9l\u00e9ment essentiel de ce processus. C&#039;est pourquoi nous valorisons les contenus qui indiquent de v\u00e9ritables voies d&#039;apprentissage et d&#039;\u00e9volution.<\/p>\n<\/div><div class=\"mx-5 sm:mx-0 prose leading-relaxed text-lg mb-5 text-left wp-paragraph\">\n<p>Nous produisons nos supports en nous appuyant sur des donn\u00e9es fiables, des analyses de march\u00e9 et une exp\u00e9rience pratique, sans raccourcis ni promesses exag\u00e9r\u00e9es. Notre mission est de vous aider \u00e0 mieux comprendre les attentes du march\u00e9 et \u00e0 vous positionner avec authenticit\u00e9 et pr\u00e9paration.<\/p>\n<\/div><!--advertisement--><div class=\"mx-5 sm:mx-0 sm:text-3xl text-2xl font-medium title-font mb-4 text-gray-900 text-left\">\n<h3 class=\"wp-block-heading\"><strong>Ce que vous trouverez<\/strong><\/h3>\n<\/div><div class=\"mx-5 sm:mx-0 prose leading-relaxed text-lg mb-5 text-left wp-paragraph\">\n<p>Notre contenu est organis\u00e9 pour r\u00e9pondre aux besoins sp\u00e9cifiques de ceux qui \u00e9voluent dans le monde du travail. Chaque section aborde un aspect concret de votre carri\u00e8re professionnelle\u00a0:<\/p>\n<\/div><div class=\"mx-5 sm:mx-0 prose leading-relaxed text-lg mb-5 text-left wp-paragraph\">\n<p>\ud83d\udd39 <strong>Planification de carri\u00e8re et d\u00e9veloppement personnel<\/strong><strong><br><\/strong>D\u00e9couvrez comment identifier des objectifs, d\u00e9velopper des comp\u00e9tences et fixer des objectifs align\u00e9s sur votre profil et le sc\u00e9nario actuel, en mettant l&#039;accent sur <strong>conseils de cours et de formation<\/strong> pertinents pour diff\u00e9rents domaines.<\/p>\n<\/div><div class=\"mx-5 sm:mx-0 prose leading-relaxed text-lg mb-5 text-left wp-paragraph\">\n<p>\ud83d\udd39 <strong>Recherche d&#039;emploi et candidature<\/strong><strong><br><\/strong>Conseils pratiques pour cr\u00e9er un CV attrayant, r\u00e9diger de bonnes lettres de motivation et renforcer votre image professionnelle sur les r\u00e9seaux sociaux \u2014 essentiels dans les processus de s\u00e9lection modernes.<\/p>\n<\/div><div class=\"mx-5 sm:mx-0 prose leading-relaxed text-lg mb-5 text-left wp-paragraph\">\n<p>\ud83d\udd39 <strong>Entretiens et comp\u00e9tences comportementales<\/strong><strong><br><\/strong>Apprenez \u00e0 vous pr\u00e9parer aux entretiens et aux questions fr\u00e9quemment pos\u00e9es, ainsi qu&#039;\u00e0 am\u00e9liorer vos comp\u00e9tences interpersonnelles telles que la communication, la proactivit\u00e9 et la collaboration.<\/p>\n<\/div><div class=\"mx-5 sm:mx-0 prose leading-relaxed text-lg mb-5 text-left wp-paragraph\">\n<p>\ud83d\udd39 <strong>Travail \u00e0 distance et mod\u00e8les flexibles<\/strong><strong><br><\/strong>Outils et strat\u00e9gies pour ceux qui travaillent (ou souhaitent travailler) \u00e0 distance, avec des conseils sur la gestion du temps, la productivit\u00e9, l&#039;\u00e9tiquette num\u00e9rique et l&#039;organisation au quotidien.<\/p>\n<\/div><div class=\"mx-5 sm:mx-0 prose leading-relaxed text-lg mb-5 text-left wp-paragraph\">\n<p>\ud83d\udd39 <strong>Opportunit\u00e9s dans des entreprises leaders<\/strong><strong><br><\/strong>Mises \u00e0 jour r\u00e9guli\u00e8res des offres d&#039;emploi dans les grandes entreprises. Ce contenu est informatif, c&#039;est-\u00e0-dire Caf\u00e9 Post. <strong>ne repr\u00e9sente pas et n&#039;agit pas en tant qu&#039;interm\u00e9diaire avec les soci\u00e9t\u00e9s.<\/strong><\/p>\n<\/div><!--advertisement--><div class=\"mx-5 sm:mx-0 sm:text-3xl text-2xl font-medium title-font mb-4 text-gray-900 text-left\">\n<h3 class=\"wp-block-heading\"><strong>Notre fa\u00e7on de travailler<\/strong><\/h3>\n<\/div><div class=\"mx-5 sm:mx-0 prose leading-relaxed text-lg mb-5 text-left wp-paragraph\">\n<p>Caf\u00e9 Post est un projet \u00e9ditorial ind\u00e9pendant, r\u00e9solument engag\u00e9 en faveur de la clart\u00e9 et de la transparence. Tous les contenus sont d\u00e9velopp\u00e9s en interne, sur la base d&#039;\u00e9tudes de qualit\u00e9, de notre exp\u00e9rience du march\u00e9 et de notre engagement envers nos abonn\u00e9s. <strong>Nous n&#039;acceptons pas de partenariats r\u00e9mun\u00e9r\u00e9s pour promouvoir des entreprises ou des postes vacants.<\/strong><\/p>\n<\/div><div class=\"mx-5 sm:mx-0 prose leading-relaxed text-lg mb-5 text-left wp-paragraph\">\n<p>Nous pensons que chacun m\u00e9rite d&#039;avoir acc\u00e8s \u00e0 des informations fiables pour faire des choix de carri\u00e8re \u00e9clair\u00e9s. Et que la formation continue, par le biais de cours, de mentorat ou de contenus fiables, est l&#039;un des moyens les plus efficaces de progresser professionnellement.<\/p>\n<\/div><div class=\"mx-5 sm:mx-0 prose leading-relaxed text-lg mb-5 text-left wp-paragraph\">\n<p>Plus que d&#039;inspirer avec des histoires ou des formules magiques prometteuses, notre r\u00f4le est de proposer un contenu utile, respectueux et accessible. Caf\u00e9 Post souhaite vous accompagner dans votre parcours avec des informations claires, sans exag\u00e9ration et de v\u00e9ritables outils pour vous aider \u00e0 vous d\u00e9marquer sur le march\u00e9.<\/p>\n<\/div><div class=\"mx-5 sm:mx-0 prose leading-relaxed text-lg mb-5 text-left wp-paragraph\">\n<p><\/p>\n<\/div>","protected":false},"excerpt":{"rendered":"<p>Caf\u00e9 Post est votre espace de confiance pour d\u00e9velopper votre carri\u00e8re avec clart\u00e9 et strat\u00e9gie. Vous y trouverez du contenu approfondi sur le d\u00e9veloppement professionnel, les opportunit\u00e9s de t\u00e9l\u00e9travail, les strat\u00e9gies de recherche d&#039;emploi et, surtout, des recommandations de cours et de formations qui feront toute la diff\u00e9rence dans votre parcours professionnel. Nous suivons \u00e9galement de pr\u00e8s les \u00e9volutions\u2026 <a class=\"more-link\" href=\"https:\/\/cafepost.com.br\/fr\/about\/\">Continuer \u00e0 lire <span class=\"screen-reader-text\">\u00c0 propos de Caf\u00e9 Post<\/span><\/a><\/p>","protected":false},"author":16,"featured_media":0,"parent":0,"menu_order":0,"comment_status":"closed","ping_status":"closed","template":"","meta":[],"yoast_head":"<!-- This site is optimized with the Yoast SEO plugin v21.1 - https:\/\/yoast.com\/wordpress\/plugins\/seo\/ -->\n<title>Sobre o Caf\u00e9 Post - Caf\u00e9 Post<\/title>\n<meta name=\"robots\" content=\"index, follow, max-snippet:-1, max-image-preview:large, max-video-preview:-1\" \/>\n<link rel=\"canonical\" href=\"https:\/\/cafepost.com.br\/fr\/about\/\" \/>\n<meta property=\"og:locale\" content=\"fr_FR\" \/>\n<meta property=\"og:type\" content=\"article\" \/>\n<meta property=\"og:title\" content=\"Sobre o Caf\u00e9 Post - Caf\u00e9 Post\" \/>\n<meta property=\"og:description\" content=\"O Caf\u00e9 Post \u00e9 o seu espa\u00e7o confi\u00e1vel para crescer na carreira com clareza e estrat\u00e9gia. Aqui, voc\u00ea encontra conte\u00fados aprofundados sobre desenvolvimento profissional, oportunidades de trabalho remoto, estrat\u00e9gias para buscar emprego e \u2014 com destaque \u2014 indica\u00e7\u00f5es de cursos e capacita\u00e7\u00f5es que realmente fazem diferen\u00e7a no seu percurso. Tamb\u00e9m acompanhamos de perto os movimentos&hellip; Continue reading Sobre o Caf\u00e9 Post\" \/>\n<meta property=\"og:url\" content=\"https:\/\/cafepost.com.br\/fr\/about\/\" \/>\n<meta property=\"og:site_name\" content=\"Caf\u00e9 Post\" \/>\n<meta property=\"article:modified_time\" content=\"2025-06-04T11:04:34+00:00\" \/>\n<meta name=\"twitter:card\" content=\"summary_large_image\" \/>\n<meta name=\"twitter:label1\" content=\"Est. reading time\" \/>\n\t<meta name=\"twitter:data1\" content=\"4 minutes\" \/>\n<script type=\"application\/ld+json\" class=\"yoast-schema-graph\">{\"@context\":\"https:\/\/schema.org\",\"@graph\":[{\"@type\":\"WebPage\",\"@id\":\"https:\/\/cafepost.com.br\/about\/\",\"url\":\"https:\/\/cafepost.com.br\/about\/\",\"name\":\"Sobre o Caf\u00e9 Post - Caf\u00e9 Post\",\"isPartOf\":{\"@id\":\"https:\/\/cafepost.com.br\/#website\"},\"datePublished\":\"2023-09-05T13:14:12+00:00\",\"dateModified\":\"2025-06-04T11:04:34+00:00\",\"breadcrumb\":{\"@id\":\"https:\/\/cafepost.com.br\/about\/#breadcrumb\"},\"inLanguage\":\"fr-FR\",\"potentialAction\":[{\"@type\":\"ReadAction\",\"target\":[\"https:\/\/cafepost.com.br\/about\/\"]}]},{\"@type\":\"BreadcrumbList\",\"@id\":\"https:\/\/cafepost.com.br\/about\/#breadcrumb\",\"itemListElement\":[{\"@type\":\"ListItem\",\"position\":1,\"name\":\"Home\",\"item\":\"https:\/\/cafepost.com.br\/\"},{\"@type\":\"ListItem\",\"position\":2,\"name\":\"Sobre o Caf\u00e9 Post\"}]},{\"@type\":\"WebSite\",\"@id\":\"https:\/\/cafepost.com.br\/#website\",\"url\":\"https:\/\/cafepost.com.br\/\",\"name\":\"Caf\u00e9 Post\",\"description\":\"\",\"potentialAction\":[{\"@type\":\"SearchAction\",\"target\":{\"@type\":\"EntryPoint\",\"urlTemplate\":\"https:\/\/cafepost.com.br\/?s={search_term_string}\"},\"query-input\":\"required name=search_term_string\"}],\"inLanguage\":\"fr-FR\"}]}<\/script>\n<!-- \/ Yoast SEO plugin. -->","yoast_head_json":{"title":"Sobre o Caf\u00e9 Post - Caf\u00e9 Post","robots":{"index":"index","follow":"follow","max-snippet":"max-snippet:-1","max-image-preview":"max-image-preview:large","max-video-preview":"max-video-preview:-1"},"canonical":"https:\/\/cafepost.com.br\/fr\/about\/","og_locale":"fr_FR","og_type":"article","og_title":"Sobre o Caf\u00e9 Post - Caf\u00e9 Post","og_description":"O Caf\u00e9 Post \u00e9 o seu espa\u00e7o confi\u00e1vel para crescer na carreira com clareza e estrat\u00e9gia. Aqui, voc\u00ea encontra conte\u00fados aprofundados sobre desenvolvimento profissional, oportunidades de trabalho remoto, estrat\u00e9gias para buscar emprego e \u2014 com destaque \u2014 indica\u00e7\u00f5es de cursos e capacita\u00e7\u00f5es que realmente fazem diferen\u00e7a no seu percurso. Tamb\u00e9m acompanhamos de perto os movimentos&hellip; Continue reading Sobre o Caf\u00e9 Post","og_url":"https:\/\/cafepost.com.br\/fr\/about\/","og_site_name":"Caf\u00e9 Post","article_modified_time":"2025-06-04T11:04:34+00:00","twitter_card":"summary_large_image","twitter_misc":{"Est. reading time":"4 minutes"},"schema":{"@context":"https:\/\/schema.org","@graph":[{"@type":"WebPage","@id":"https:\/\/cafepost.com.br\/about\/","url":"https:\/\/cafepost.com.br\/about\/","name":"Sobre o Caf\u00e9 Post - Caf\u00e9 Post","isPartOf":{"@id":"https:\/\/cafepost.com.br\/#website"},"datePublished":"2023-09-05T13:14:12+00:00","dateModified":"2025-06-04T11:04:34+00:00","breadcrumb":{"@id":"https:\/\/cafepost.com.br\/about\/#breadcrumb"},"inLanguage":"fr-FR","potentialAction":[{"@type":"ReadAction","target":["https:\/\/cafepost.com.br\/about\/"]}]},{"@type":"BreadcrumbList","@id":"https:\/\/cafepost.com.br\/about\/#breadcrumb","itemListElement":[{"@type":"ListItem","position":1,"name":"Home","item":"https:\/\/cafepost.com.br\/"},{"@type":"ListItem","position":2,"name":"Sobre o Caf\u00e9 Post"}]},{"@type":"WebSite","@id":"https:\/\/cafepost.com.br\/#website","url":"https:\/\/cafepost.com.br\/","name":"Caf\u00e9 Post","description":"","potentialAction":[{"@type":"SearchAction","target":{"@type":"EntryPoint","urlTemplate":"https:\/\/cafepost.com.br\/?s={search_term_string}"},"query-input":"required name=search_term_string"}],"inLanguage":"fr-FR"}]}},"_links":{"self":[{"href":"https:\/\/cafepost.com.br\/fr\/wp-json\/wp\/v2\/pages\/38330"}],"collection":[{"href":"https:\/\/cafepost.com.br\/fr\/wp-json\/wp\/v2\/pages"}],"about":[{"href":"https:\/\/cafepost.com.br\/fr\/wp-json\/wp\/v2\/types\/page"}],"author":[{"embeddable":true,"href":"https:\/\/cafepost.com.br\/fr\/wp-json\/wp\/v2\/users\/16"}],"replies":[{"embeddable":true,"href":"https:\/\/cafepost.com.br\/fr\/wp-json\/wp\/v2\/comments?post=38330"}],"version-history":[{"count":0,"href":"https:\/\/cafepost.com.br\/fr\/wp-json\/wp\/v2\/pages\/38330\/revisions"}],"wp:attachment":[{"href":"https:\/\/cafepost.com.br\/fr\/wp-json\/wp\/v2\/media?parent=38330"}],"curies":[{"name":"wp","href":"https:\/\/api.w.org\/{rel}","templated":true}]}}