{"id":38330,"date":"2023-09-05T13:14:12","date_gmt":"2023-09-05T13:14:12","guid":{"rendered":"https:\/\/cafepost.com.br\/?page_id=38330"},"modified":"2025-06-04T11:04:34","modified_gmt":"2025-06-04T11:04:34","slug":"about","status":"publish","type":"page","link":"https:\/\/cafepost.com.br\/ko\/about\/","title":{"rendered":"\uce74\ud398 \ud3ec\uc2a4\ud2b8 \uc18c\uac1c"},"content":{"rendered":"<div class=\"mx-5 sm:mx-0 prose leading-relaxed text-lg mb-5 text-left wp-paragraph\">\n<p>\uadf8\ub9cc\ud07c <strong>\uce74\ud398 \ud3ec\uc2a4\ud2b8<\/strong> \uba85\ud655\ud558\uace0 \uc804\ub7b5\uc801\uc778 \ucee4\ub9ac\uc5b4 \uc131\uc7a5\uc744 \uc704\ud55c \ubbff\uc744 \uc218 \uc788\ub294 \uacf5\uac04\uc785\ub2c8\ub2e4. \uc5ec\uae30\uc5d0\uc11c\ub294 \uc804\ubb38\uc131 \uac1c\ubc1c, \uc6d0\uaca9 \uadfc\ubb34 \uae30\ud68c, \uad6c\uc9c1 \uc804\ub7b5, \uadf8\ub9ac\uace0 \ud2b9\ud788 \ub2e4\uc74c\uacfc \uac19\uc740 \uc2ec\uce35\uc801\uc778 \ucf58\ud150\uce20\ub97c \ud655\uc778\ud558\uc2e4 \uc218 \uc788\uc2b5\ub2c8\ub2e4. <strong>\uacfc\uc815 \ubc0f \uad50\uc721 \uad8c\uc7a5 \uc0ac\ud56d<\/strong> \uc5ec\ub7ec\ubd84\uc758 \ucee4\ub9ac\uc5b4\uc5d0 \uc9c4\uc815\ud55c \ubcc0\ud654\ub97c \uac00\uc838\ub2e4\uc904 \uac83\uc785\ub2c8\ub2e4. \ub610\ud55c \ub300\uae30\uc5c5\uc758 \uace0\uc6a9 \uc2dc\uc7a5 \ub3d9\ud5a5\uacfc \ud2b8\ub80c\ub4dc\ub97c \uba74\ubc00\ud788 \ubaa8\ub2c8\ud130\ub9c1\ud569\ub2c8\ub2e4.<\/p>\n<\/div><div class=\"mx-5 sm:mx-0 prose leading-relaxed text-lg mb-5 text-left wp-paragraph\">\n<p>\uc9c1\uc7a5 \uc0dd\ud65c\uc5d0\uc11c \uc218\ub9ce\uc740 \ubcc0\ud654\uac00 \uc77c\uc5b4\ub098\uace0 \uc788\ub294 \ub9cc\ud07c, \uc815\ubcf4 \uacfc\uc789\uc5d0 \uc555\ub3c4\ub2f9\ud558\ub294 \uac83\uc740 \ud754\ud55c \uc77c\uc785\ub2c8\ub2e4. \ubc14\ub85c \uc774\ub7ec\ud55c \uc774\uc720\ub85c Caf\u00e9 Post\uac00 \uc874\uc7ac\ud569\ub2c8\ub2e4. \uba74\uc811, \uacbd\ub825 \uc804\ud658, \uc0c8\ub85c\uc6b4 \uc5c5\ubb34 \ubaa8\ub378, \uc9c0\uc18d\uc801\uc778 \uad50\uc721\uacfc \uac19\uc740 \ubcf5\uc7a1\ud55c \uc8fc\uc81c\ub97c \uc2e4\uc9c8\uc801\uc778 \uc9c0\uce68\uc73c\ub85c \uc81c\uacf5\ud558\uc5ec \uc790\uc2e0\uac10 \uc788\uac8c \uacb0\uc815\uc744 \ub0b4\ub9ac\uace0 \uc9c4\uc815\uc73c\ub85c \uc911\uc694\ud55c \uac83\uc5d0 \uc9d1\uc911\ud560 \uc218 \uc788\ub3c4\ub85d \ub3c4\uc640\ub4dc\ub9bd\ub2c8\ub2e4.<\/p>\n<\/div><div class=\"mx-5 sm:mx-0 prose leading-relaxed text-lg mb-5 text-left wp-paragraph\">\n<p>\uc6b0\ub9ac\uac00 \ucd94\ucc9c \uc9c1\uc5c5 \ubc0f \uace0\uc6a9\uc8fc\uc5d0 \ub300\ud55c \uc815\ubcf4\ub97c \uacf5\uc720\ud558\ub294 \ub3d9\uc548 Caf\u00e9 Post\uac00 \ub2e4\uc74c\uacfc \uac19\uc740 \uc815\ubcf4\ub97c \uc81c\uacf5\ud55c\ub2e4\ub294 \uc810\uc744 \uae30\uc5b5\ud558\ub294 \uac83\uc774 \uc911\uc694\ud569\ub2c8\ub2e4. <strong>\ucc44\uc6a9 \ub2f4\ub2f9\uc790 \uc5ed\ud560\uc744 \ud558\uc9c0 \uc54a\uc2b5\ub2c8\ub2e4<\/strong> \uc5b8\uae09\ub41c \ud68c\uc0ac\uc640\ub294 \uc544\ubb34\ub7f0 \uad00\ub828\uc774 \uc5c6\uc2b5\ub2c8\ub2e4. \ub2f9\uc0ac\uc758 \uc5ed\ud560\uc740 \uc120\uc815 \uacfc\uc815\uc744 \uc911\uc7ac\ud558\ub294 \uac83\uc774 \uc544\ub2c8\ub77c, \uc815\ubcf4 \uc81c\uacf5, \uc548\ub0b4 \ubc0f \uc9c0\uc6d0\uc785\ub2c8\ub2e4.<\/p>\n<\/div><!--advertisement--><div class=\"mx-5 sm:mx-0 sm:text-3xl text-2xl font-medium title-font mb-4 text-gray-900 text-left\">\n<h3 class=\"wp-block-heading\"><strong>\uc6b0\ub9ac\uc758 \uc0ac\uba85<\/strong><\/h3>\n<\/div><div class=\"mx-5 sm:mx-0 prose leading-relaxed text-lg mb-5 text-left wp-paragraph\">\n<p>\uc800\ud76c\ub294 \uc5c5\uacc4\uc5d0 \uc9c4\ucd9c\ud558\uac70\ub098, \uacbd\ub825 \uacbd\ub85c\ub97c \uc7ac\ud3c9\uac00\ud558\uac70\ub098, \uc0c8\ub85c\uc6b4 \uc5c5\ubb34 \ud658\uacbd\uc5d0 \uc801\uc751\ud558\ub294 \ub4f1 \uc804\ubb38\uc801\uc778 \uc131\uc7a5\uc744 \ucd94\uad6c\ud558\ub294 \ubaa8\ub4e0 \ubd84\ub4e4\uc5d0\uac8c \uc2e4\uc6a9\uc801\uc774\uace0 \uc815\uc9c1\ud55c \uc815\ubcf4\ub97c \uc81c\uacf5\ud558\uace0\uc790 \ud569\ub2c8\ub2e4. \uadf8\ub9ac\uace0 \uc800\ud76c\ub294 <strong>\uacc4\uc18d \uad50\uc721<\/strong> \uc774 \uacfc\uc815\uc758 \ud544\uc218\uc801\uc778 \ubd80\ubd84\uc785\ub2c8\ub2e4. \ub530\ub77c\uc11c \uc6b0\ub9ac\ub294 \uc9c4\uc815\ud55c \ud559\uc2b5\uacfc \ubc1c\uc804\uc758 \ubc29\ud5a5\uc744 \uc81c\uc2dc\ud558\ub294 \ucf58\ud150\uce20\ub97c \uc911\uc694\ud558\uac8c \uc0dd\uac01\ud569\ub2c8\ub2e4.<\/p>\n<\/div><div class=\"mx-5 sm:mx-0 prose leading-relaxed text-lg mb-5 text-left wp-paragraph\">\n<p>\uc800\ud76c\ub294 \ubbff\uc744 \uc218 \uc788\ub294 \ub370\uc774\ud130, \uc2dc\uc7a5 \ubd84\uc11d, \uadf8\ub9ac\uace0 \uc2e4\uc9c8\uc801\uc778 \uacbd\ud5d8\uc744 \ubc14\ud0d5\uc73c\ub85c, \ud5c8\ud669\ub41c \uc9c0\ub984\uae38\uc774\ub098 \uacfc\uc7a5\ub41c \uc57d\uc18d \uc5c6\uc774 \uc790\ub8cc\ub97c \uc81c\uc791\ud569\ub2c8\ub2e4. \uc800\ud76c\uc758 \uc0ac\uba85\uc740 \uc2dc\uc7a5\uc758 \uae30\ub300\uce58\ub97c \ub354 \uc798 \uc774\ud574\ud558\uace0, \uc9c4\uc815\uc131\uacfc \uc900\ube44\ub97c \ubc14\ud0d5\uc73c\ub85c \uc5b4\ub5bb\uac8c \uc790\uc2e0\uc744 \ud3ec\uc9c0\uc154\ub2dd\ud560 \uc218 \uc788\ub294\uc9c0 \ub3d5\ub294 \uac83\uc785\ub2c8\ub2e4.<\/p>\n<\/div><!--advertisement--><div class=\"mx-5 sm:mx-0 sm:text-3xl text-2xl font-medium title-font mb-4 text-gray-900 text-left\">\n<h3 class=\"wp-block-heading\"><strong>\ub2f9\uc2e0\uc774 \ucc3e\uc744 \uc218\uc788\ub294 \uac83<\/strong><\/h3>\n<\/div><div class=\"mx-5 sm:mx-0 prose leading-relaxed text-lg mb-5 text-left wp-paragraph\">\n<p>\uc800\ud76c \ucf58\ud150\uce20\ub294 \uc9c1\uc7a5 \uc0dd\ud65c\uc744 \ud558\ub294 \uc0ac\ub78c\ub4e4\uc758 \uad6c\uccb4\uc801\uc778 \ub2c8\uc988\ub97c \ucda9\uc871\ud558\ub3c4\ub85d \uad6c\uc131\ub418\uc5b4 \uc788\uc2b5\ub2c8\ub2e4. \uac01 \uc139\uc158\uc740 \uc5ec\ub7ec\ubd84\uc758 \uc9c1\uc5c5 \uc0dd\ud65c\uc758 \ud2b9\uc815 \uce21\uba74\uc744 \ub2e4\ub8f9\ub2c8\ub2e4.<\/p>\n<\/div><div class=\"mx-5 sm:mx-0 prose leading-relaxed text-lg mb-5 text-left wp-paragraph\">\n<p>\ud83d\udd39 <strong>\uacbd\ub825 \uacc4\ud68d \ubc0f \uac1c\uc778 \uac1c\ubc1c<\/strong><strong><br><\/strong>\ud504\ub85c\ud544\uacfc \ud604\uc7ac \uc0c1\ud669\uc5d0 \ub9de\ucdb0 \ubaa9\ud45c\ub97c \uc2dd\ubcc4\ud558\uace0, \uae30\uc220\uc744 \uac1c\ubc1c\ud558\uace0, \ubaa9\ud45c\ub97c \uc124\uc815\ud558\ub294 \ubc29\ubc95\uc744 \uc54c\uc544\ubcf4\uc138\uc694. <strong>\ucf54\uc2a4 \ubc0f \uad50\uc721 \ud301<\/strong> \ub2e4\uc591\ud55c \ubd84\uc57c\uc640 \uad00\ub828\uc774 \uc788\uc2b5\ub2c8\ub2e4.<\/p>\n<\/div><div class=\"mx-5 sm:mx-0 prose leading-relaxed text-lg mb-5 text-left wp-paragraph\">\n<p>\ud83d\udd39 <strong>\uad6c\uc9c1 \ubc0f \uc9c0\uc6d0<\/strong><strong><br><\/strong>\ud604\ub300 \ucc44\uc6a9 \ud504\ub85c\uc138\uc2a4\uc5d0 \ud544\uc218\uc801\uc778 \ub9e4\ub825\uc801\uc778 \uc774\ub825\uc11c \uc791\uc131, \uc88b\uc740 \uc790\uae30\uc18c\uac1c\uc11c \uc791\uc131, \uc628\ub77c\uc778\uc5d0\uc11c \uc804\ubb38\uc801\uc778 \uc774\ubbf8\uc9c0 \uac15\ud654\ub97c \uc704\ud55c \uc2e4\uc6a9\uc801\uc778 \uac00\uc774\ub4dc\ub77c\uc778\uc785\ub2c8\ub2e4.<\/p>\n<\/div><div class=\"mx-5 sm:mx-0 prose leading-relaxed text-lg mb-5 text-left wp-paragraph\">\n<p>\ud83d\udd39 <strong>\uc778\ud130\ubdf0 \ubc0f \ud589\ub3d9 \uae30\uc220<\/strong><strong><br><\/strong>\uba74\uc811\uacfc \uc790\uc8fc \ubb3b\ub294 \uc9c8\ubb38\uc5d0 \ub300\ube44\ud558\ub294 \ubc29\ubc95\uc744 \ubc30\uc6b0\uace0, \uc758\uc0ac\uc18c\ud1b5, \uc801\uadf9\uc131, \ud611\uc5c5 \ub4f1 \ub300\uc778 \uad00\uacc4 \uae30\uc220\uc744 \ud5a5\uc0c1\uc2dc\ud0a4\uc138\uc694.<\/p>\n<\/div><div class=\"mx-5 sm:mx-0 prose leading-relaxed text-lg mb-5 text-left wp-paragraph\">\n<p>\ud83d\udd39 <strong>\uc6d0\uaca9 \uadfc\ubb34 \ubc0f \uc720\uc5f0 \ubaa8\ub378<\/strong><strong><br><\/strong>\uc6d0\uaca9\uc73c\ub85c \uc77c\ud558\ub294(\ub610\ub294 \uc77c\ud558\uace0 \uc2f6\uc5b4\ud558\ub294) \uc0ac\ub78c\ub4e4\uc744 \uc704\ud55c \ub3c4\uad6c\uc640 \uc804\ub7b5. \uc2dc\uac04 \uad00\ub9ac, \uc0dd\uc0b0\uc131, \ub514\uc9c0\ud138 \uc5d0\ud2f0\ucf13, \uc77c\uc0c1 \uc815\ub9ac\uc5d0 \ub300\ud55c \ud301\ub3c4 \ub2f4\uaca8 \uc788\uc2b5\ub2c8\ub2e4.<\/p>\n<\/div><div class=\"mx-5 sm:mx-0 prose leading-relaxed text-lg mb-5 text-left wp-paragraph\">\n<p>\ud83d\udd39 <strong>\uc120\ub3c4 \uae30\uc5c5\uc5d0\uc11c\uc758 \uae30\ud68c<\/strong><strong><br><\/strong>\uc8fc\uc694 \uae30\uc5c5\uc758 \ucc44\uc6a9 \uacf5\uace0\ub97c \uc790\uc8fc \uc5c5\ub370\uc774\ud2b8\ud569\ub2c8\ub2e4. \uc774 \ucf58\ud150\uce20\ub294 \uce74\ud398 \ud3ec\uc2a4\ud2b8\ub97c \ud1b5\ud574 \uc815\ubcf4\ub97c \uc81c\uacf5\ud569\ub2c8\ub2e4. <strong>\ud68c\uc0ac\ub97c \ub300\uc2e0\ud558\uac70\ub098 \uc911\uac1c\uc790 \uc5ed\ud560\uc744 \ud558\uc9c0 \uc54a\uc2b5\ub2c8\ub2e4.<\/strong><\/p>\n<\/div><!--advertisement--><div class=\"mx-5 sm:mx-0 sm:text-3xl text-2xl font-medium title-font mb-4 text-gray-900 text-left\">\n<h3 class=\"wp-block-heading\"><strong>\uc6b0\ub9ac\uc758 \uc791\uc5c5 \ubc29\uc2dd<\/strong><\/h3>\n<\/div><div class=\"mx-5 sm:mx-0 prose leading-relaxed text-lg mb-5 text-left wp-paragraph\">\n<p>\uce74\ud398 \ud3ec\uc2a4\ud2b8\ub294 \uba85\ud655\uc131\uacfc \ud22c\uba85\uc131\uc744 \ucd5c\uc6b0\uc120\uc73c\ub85c \ud558\ub294 \ub3c5\ub9bd\uc801\uc778 \ud3b8\uc9d1 \ud504\ub85c\uc81d\ud2b8\uc785\ub2c8\ub2e4. \ubaa8\ub4e0 \ucf58\ud150\uce20\ub294 \uc591\uc9c8\uc758 \ub9ac\uc11c\uce58, \uc2dc\uc7a5 \uacbd\ud5d8, \uadf8\ub9ac\uace0 \ub3c5\uc790\uc5d0 \ub300\ud55c \ud5cc\uc2e0\uc744 \ubc14\ud0d5\uc73c\ub85c \uc790\uccb4\uc801\uc73c\ub85c \uac1c\ubc1c\ub429\ub2c8\ub2e4. <strong>\uc6b0\ub9ac\ub294 \ud68c\uc0ac\ub098 \uacf5\uc11d\uc744 \ud64d\ubcf4\ud558\uae30 \uc704\ud55c \uc720\ub8cc \ud30c\ud2b8\ub108\uc2ed\uc744 \ud5c8\uc6a9\ud558\uc9c0 \uc54a\uc2b5\ub2c8\ub2e4.<\/strong><\/p>\n<\/div><div class=\"mx-5 sm:mx-0 prose leading-relaxed text-lg mb-5 text-left wp-paragraph\">\n<p>\uc6b0\ub9ac\ub294 \ubaa8\ub4e0 \uc0ac\ub78c\uc774 \uc62c\ubc14\ub978 \uc9c4\ub85c \uc120\ud0dd\uc744 \ud560 \uc218 \uc788\ub3c4\ub85d \uc88b\uc740 \uc815\ubcf4\uc5d0 \uc811\uadfc\ud560 \uad8c\ub9ac\uac00 \uc788\ub2e4\uace0 \ubbff\uc2b5\ub2c8\ub2e4. \ub610\ud55c, \uac15\uc88c, \uba58\ud1a0\ub9c1, \ub610\ub294 \uc2e0\ub8b0\ud560 \uc218 \uc788\ub294 \ucf58\ud150\uce20\ub97c \ud1b5\ud55c \uc9c0\uc18d\uc801\uc778 \ud559\uc2b5\uc740 \uc804\ubb38\uc801\uc73c\ub85c \uc131\uc7a5\ud558\ub294 \uac00\uc7a5 \ud6a8\uacfc\uc801\uc778 \ubc29\ubc95 \uc911 \ud558\ub098\ub77c\uace0 \ubbff\uc2b5\ub2c8\ub2e4.<\/p>\n<\/div><div class=\"mx-5 sm:mx-0 prose leading-relaxed text-lg mb-5 text-left wp-paragraph\">\n<p>Caf\u00e9 Post\uc758 \uc5ed\ud560\uc740 \ub2e8\uc21c\ud788 \uc774\uc57c\uae30\ub098 \ub9c8\ubc95\uc758 \uacf5\uc2dd\uc73c\ub85c \uc601\uac10\uc744 \uc8fc\ub294 \uac83\uc774 \uc544\ub2c8\ub77c, \uc720\uc6a9\ud558\uace0, \uc874\uc911\ubc1b\uc73c\uba70, \ub204\uad6c\ub098 \uc27d\uac8c \uc811\uadfc\ud560 \uc218 \uc788\ub294 \ucf58\ud150\uce20\ub97c \uc81c\uacf5\ud558\ub294 \uac83\uc785\ub2c8\ub2e4. Caf\u00e9 Post\ub294 \uba85\ud655\ud558\uace0 \uc774\ud574\ud558\uae30 \uc26c\uc6b4 \uc815\ubcf4\uc640 \uc2dc\uc7a5\uc5d0\uc11c \ub450\uac01\uc744 \ub098\ud0c0\ub0bc \uc218 \uc788\ub294 \uc2e4\uc9c8\uc801\uc778 \ub3c4\uad6c\ub97c \ud1b5\ud574 \uc5ec\ub7ec\ubd84\uc758 \uc5ec\uc815\uc744 \uc9c0\uc6d0\ud558\uace0\uc790 \ud569\ub2c8\ub2e4.<\/p>\n<\/div><div class=\"mx-5 sm:mx-0 prose leading-relaxed text-lg mb-5 text-left wp-paragraph\">\n<p><\/p>\n<\/div>","protected":false},"excerpt":{"rendered":"<p>O Caf\u00e9 Post \u00e9 o seu espa\u00e7o confi\u00e1vel para crescer na carreira com clareza e estrat\u00e9gia. Aqui, voc\u00ea encontra conte\u00fados aprofundados sobre desenvolvimento profissional, oportunidades de trabalho remoto, estrat\u00e9gias para buscar emprego e \u2014 com destaque \u2014 indica\u00e7\u00f5es de cursos e capacita\u00e7\u00f5es que realmente fazem diferen\u00e7a no seu percurso. Tamb\u00e9m acompanhamos de perto os movimentos&hellip; <a class=\"more-link\" href=\"https:\/\/cafepost.com.br\/ko\/about\/\">Continue reading <span class=\"screen-reader-text\">\uce74\ud398 \ud3ec\uc2a4\ud2b8 \uc18c\uac1c<\/span><\/a><\/p>","protected":false},"author":16,"featured_media":0,"parent":0,"menu_order":0,"comment_status":"closed","ping_status":"closed","template":"","meta":[],"yoast_head":"<!-- This site is optimized with the Yoast SEO plugin v21.1 - https:\/\/yoast.com\/wordpress\/plugins\/seo\/ -->\n<title>Sobre o Caf\u00e9 Post - Caf\u00e9 Post<\/title>\n<meta name=\"robots\" content=\"index, follow, max-snippet:-1, max-image-preview:large, max-video-preview:-1\" \/>\n<link rel=\"canonical\" href=\"https:\/\/cafepost.com.br\/ko\/about\/\" \/>\n<meta property=\"og:locale\" content=\"ko_KR\" \/>\n<meta property=\"og:type\" content=\"article\" \/>\n<meta property=\"og:title\" content=\"Sobre o Caf\u00e9 Post - Caf\u00e9 Post\" \/>\n<meta property=\"og:description\" content=\"O Caf\u00e9 Post \u00e9 o seu espa\u00e7o confi\u00e1vel para crescer na carreira com clareza e estrat\u00e9gia. Aqui, voc\u00ea encontra conte\u00fados aprofundados sobre desenvolvimento profissional, oportunidades de trabalho remoto, estrat\u00e9gias para buscar emprego e \u2014 com destaque \u2014 indica\u00e7\u00f5es de cursos e capacita\u00e7\u00f5es que realmente fazem diferen\u00e7a no seu percurso. Tamb\u00e9m acompanhamos de perto os movimentos&hellip; Continue reading Sobre o Caf\u00e9 Post\" \/>\n<meta property=\"og:url\" content=\"https:\/\/cafepost.com.br\/ko\/about\/\" \/>\n<meta property=\"og:site_name\" content=\"Caf\u00e9 Post\" \/>\n<meta property=\"article:modified_time\" content=\"2025-06-04T11:04:34+00:00\" \/>\n<meta name=\"twitter:card\" content=\"summary_large_image\" \/>\n<meta name=\"twitter:label1\" content=\"Est. reading time\" \/>\n\t<meta name=\"twitter:data1\" content=\"4\ubd84\" \/>\n<script type=\"application\/ld+json\" class=\"yoast-schema-graph\">{\"@context\":\"https:\/\/schema.org\",\"@graph\":[{\"@type\":\"WebPage\",\"@id\":\"https:\/\/cafepost.com.br\/about\/\",\"url\":\"https:\/\/cafepost.com.br\/about\/\",\"name\":\"Sobre o Caf\u00e9 Post - Caf\u00e9 Post\",\"isPartOf\":{\"@id\":\"https:\/\/cafepost.com.br\/#website\"},\"datePublished\":\"2023-09-05T13:14:12+00:00\",\"dateModified\":\"2025-06-04T11:04:34+00:00\",\"breadcrumb\":{\"@id\":\"https:\/\/cafepost.com.br\/about\/#breadcrumb\"},\"inLanguage\":\"ko-KR\",\"potentialAction\":[{\"@type\":\"ReadAction\",\"target\":[\"https:\/\/cafepost.com.br\/about\/\"]}]},{\"@type\":\"BreadcrumbList\",\"@id\":\"https:\/\/cafepost.com.br\/about\/#breadcrumb\",\"itemListElement\":[{\"@type\":\"ListItem\",\"position\":1,\"name\":\"Home\",\"item\":\"https:\/\/cafepost.com.br\/\"},{\"@type\":\"ListItem\",\"position\":2,\"name\":\"Sobre o Caf\u00e9 Post\"}]},{\"@type\":\"WebSite\",\"@id\":\"https:\/\/cafepost.com.br\/#website\",\"url\":\"https:\/\/cafepost.com.br\/\",\"name\":\"Caf\u00e9 Post\",\"description\":\"\",\"potentialAction\":[{\"@type\":\"SearchAction\",\"target\":{\"@type\":\"EntryPoint\",\"urlTemplate\":\"https:\/\/cafepost.com.br\/?s={search_term_string}\"},\"query-input\":\"required name=search_term_string\"}],\"inLanguage\":\"ko-KR\"}]}<\/script>\n<!-- \/ Yoast SEO plugin. -->","yoast_head_json":{"title":"Sobre o Caf\u00e9 Post - Caf\u00e9 Post","robots":{"index":"index","follow":"follow","max-snippet":"max-snippet:-1","max-image-preview":"max-image-preview:large","max-video-preview":"max-video-preview:-1"},"canonical":"https:\/\/cafepost.com.br\/ko\/about\/","og_locale":"ko_KR","og_type":"article","og_title":"Sobre o Caf\u00e9 Post - Caf\u00e9 Post","og_description":"O Caf\u00e9 Post \u00e9 o seu espa\u00e7o confi\u00e1vel para crescer na carreira com clareza e estrat\u00e9gia. Aqui, voc\u00ea encontra conte\u00fados aprofundados sobre desenvolvimento profissional, oportunidades de trabalho remoto, estrat\u00e9gias para buscar emprego e \u2014 com destaque \u2014 indica\u00e7\u00f5es de cursos e capacita\u00e7\u00f5es que realmente fazem diferen\u00e7a no seu percurso. Tamb\u00e9m acompanhamos de perto os movimentos&hellip; Continue reading Sobre o Caf\u00e9 Post","og_url":"https:\/\/cafepost.com.br\/ko\/about\/","og_site_name":"Caf\u00e9 Post","article_modified_time":"2025-06-04T11:04:34+00:00","twitter_card":"summary_large_image","twitter_misc":{"Est. reading time":"4\ubd84"},"schema":{"@context":"https:\/\/schema.org","@graph":[{"@type":"WebPage","@id":"https:\/\/cafepost.com.br\/about\/","url":"https:\/\/cafepost.com.br\/about\/","name":"Sobre o Caf\u00e9 Post - Caf\u00e9 Post","isPartOf":{"@id":"https:\/\/cafepost.com.br\/#website"},"datePublished":"2023-09-05T13:14:12+00:00","dateModified":"2025-06-04T11:04:34+00:00","breadcrumb":{"@id":"https:\/\/cafepost.com.br\/about\/#breadcrumb"},"inLanguage":"ko-KR","potentialAction":[{"@type":"ReadAction","target":["https:\/\/cafepost.com.br\/about\/"]}]},{"@type":"BreadcrumbList","@id":"https:\/\/cafepost.com.br\/about\/#breadcrumb","itemListElement":[{"@type":"ListItem","position":1,"name":"Home","item":"https:\/\/cafepost.com.br\/"},{"@type":"ListItem","position":2,"name":"Sobre o Caf\u00e9 Post"}]},{"@type":"WebSite","@id":"https:\/\/cafepost.com.br\/#website","url":"https:\/\/cafepost.com.br\/","name":"Caf\u00e9 Post","description":"","potentialAction":[{"@type":"SearchAction","target":{"@type":"EntryPoint","urlTemplate":"https:\/\/cafepost.com.br\/?s={search_term_string}"},"query-input":"required name=search_term_string"}],"inLanguage":"ko-KR"}]}},"_links":{"self":[{"href":"https:\/\/cafepost.com.br\/ko\/wp-json\/wp\/v2\/pages\/38330"}],"collection":[{"href":"https:\/\/cafepost.com.br\/ko\/wp-json\/wp\/v2\/pages"}],"about":[{"href":"https:\/\/cafepost.com.br\/ko\/wp-json\/wp\/v2\/types\/page"}],"author":[{"embeddable":true,"href":"https:\/\/cafepost.com.br\/ko\/wp-json\/wp\/v2\/users\/16"}],"replies":[{"embeddable":true,"href":"https:\/\/cafepost.com.br\/ko\/wp-json\/wp\/v2\/comments?post=38330"}],"version-history":[{"count":0,"href":"https:\/\/cafepost.com.br\/ko\/wp-json\/wp\/v2\/pages\/38330\/revisions"}],"wp:attachment":[{"href":"https:\/\/cafepost.com.br\/ko\/wp-json\/wp\/v2\/media?parent=38330"}],"curies":[{"name":"wp","href":"https:\/\/api.w.org\/{rel}","templated":true}]}}