{"id":38330,"date":"2023-09-05T13:14:12","date_gmt":"2023-09-05T13:14:12","guid":{"rendered":"https:\/\/cafepost.com.br\/?page_id=38330"},"modified":"2025-06-04T11:04:34","modified_gmt":"2025-06-04T11:04:34","slug":"about","status":"publish","type":"page","link":"https:\/\/cafepost.com.br\/tr\/about\/","title":{"rendered":"Caf\u00e9 Post Hakk\u0131nda"},"content":{"rendered":"<div class=\"mx-5 sm:mx-0 prose leading-relaxed text-lg mb-5 text-left wp-paragraph\">\n<p>O <strong>Kahve Yaz\u0131s\u0131<\/strong> netlik ve stratejiyle kariyer geli\u015fimi i\u00e7in g\u00fcvendi\u011finiz aland\u0131r. Burada, profesyonel geli\u015fim, uzaktan \u00e7al\u0131\u015fma f\u0131rsatlar\u0131, i\u015f arama stratejileri ve \u2014 en \u00f6nemlisi \u2014 hakk\u0131nda derinlemesine i\u00e7erik bulacaks\u0131n\u0131z <strong>kurs ve e\u011fitim \u00f6nerileri<\/strong> Kariyerinizde ger\u00e7ekten fark yaratan. Ayr\u0131ca b\u00fcy\u00fck \u015firketlerdeki i\u015f piyasas\u0131 hareketlerini ve trendlerini yak\u0131ndan takip ediyoruz.<\/p>\n<\/div><div class=\"mx-5 sm:mx-0 prose leading-relaxed text-lg mb-5 text-left wp-paragraph\">\n<p>Profesyonel d\u00fcnyada bu kadar \u00e7ok de\u011fi\u015fiklik ya\u015fan\u0131rken, bilgi a\u015f\u0131r\u0131 y\u00fck\u00fcnde kaybolmu\u015f hissetmek yayg\u0131nd\u0131r. Caf\u00e9 Post&#039;un var olma nedeni budur: M\u00fclakatlar, kariyer ge\u00e7i\u015fleri, yeni \u00e7al\u0131\u015fma modelleri ve devam eden e\u011fitimler gibi karma\u015f\u0131k konular\u0131, g\u00fcvenle karar vermenize ve ger\u00e7ekten \u00f6nemli olana odaklanman\u0131za yard\u0131mc\u0131 olan pratik rehberli\u011fe d\u00f6n\u00fc\u015ft\u00fcrmek.<\/p>\n<\/div><div class=\"mx-5 sm:mx-0 prose leading-relaxed text-lg mb-5 text-left wp-paragraph\">\n<p>\u00d6ne \u00e7\u0131kan i\u015fler ve i\u015fverenler hakk\u0131nda bilgi payla\u015f\u0131rken, Caf\u00e9 Post&#039;un <strong>i\u015fe al\u0131mc\u0131 olarak hareket etmez<\/strong> ve bahsi ge\u00e7en \u015firketlerle hi\u00e7bir ba\u011f\u0131 yoktur. Bizim rol\u00fcm\u00fcz se\u00e7im s\u00fcre\u00e7lerine arac\u0131l\u0131k etmek de\u011fil, bilgilendirmek, rehberlik etmek ve desteklemektir.<\/p>\n<\/div><!--advertisement--><div class=\"mx-5 sm:mx-0 sm:text-3xl text-2xl font-medium title-font mb-4 text-gray-900 text-left\">\n<h3 class=\"wp-block-heading\"><strong>Misyonumuz<\/strong><\/h3>\n<\/div><div class=\"mx-5 sm:mx-0 prose leading-relaxed text-lg mb-5 text-left wp-paragraph\">\n<p>\u0130ster pazara giriyor, ister kariyer yollar\u0131n\u0131 yeniden de\u011ferlendiriyor veya yeni i\u015f dinamiklerine uyum sa\u011fl\u0131yor olsunlar, profesyonel geli\u015fim arayanlar i\u00e7in pratik ve d\u00fcr\u00fcst bir kaynak olmak istiyoruz. Ve biliyoruz ki <strong>s\u00fcrekli e\u011fitim<\/strong> bu s\u00fcrecin \u00f6nemli bir par\u00e7as\u0131d\u0131r. Bu nedenle, ger\u00e7ek \u00f6\u011frenme ve evrim yollar\u0131n\u0131 g\u00f6steren i\u00e7eriklere de\u011fer veriyoruz.<\/p>\n<\/div><div class=\"mx-5 sm:mx-0 prose leading-relaxed text-lg mb-5 text-left wp-paragraph\">\n<p>Materyallerimizi, bo\u015f k\u0131sayollar veya abart\u0131l\u0131 vaatler olmadan, g\u00fcvenilir veriler, pazar analizi ve pratik deneyime dayanarak \u00fcretiyoruz. Misyonumuz, pazar\u0131n ne bekledi\u011fini ve kendinizi \u00f6zg\u00fcnl\u00fck ve haz\u0131rl\u0131kla nas\u0131l konumland\u0131raca\u011f\u0131n\u0131z\u0131 daha iyi anlaman\u0131za yard\u0131mc\u0131 olmakt\u0131r.<\/p>\n<\/div><!--advertisement--><div class=\"mx-5 sm:mx-0 sm:text-3xl text-2xl font-medium title-font mb-4 text-gray-900 text-left\">\n<h3 class=\"wp-block-heading\"><strong>Ne Bulacaks\u0131n\u0131z<\/strong><\/h3>\n<\/div><div class=\"mx-5 sm:mx-0 prose leading-relaxed text-lg mb-5 text-left wp-paragraph\">\n<p>\u0130\u00e7eri\u011fimiz, i\u015f d\u00fcnyas\u0131nda gezinenlerin \u00f6zel ihtiya\u00e7lar\u0131n\u0131 kar\u015f\u0131lamak \u00fczere d\u00fczenlenmi\u015ftir. Her b\u00f6l\u00fcm, profesyonel kariyerinizin ger\u00e7ek bir y\u00f6n\u00fcn\u00fc ele al\u0131r:<\/p>\n<\/div><div class=\"mx-5 sm:mx-0 prose leading-relaxed text-lg mb-5 text-left wp-paragraph\">\n<p>\ud83d\udd39 <strong>Kariyer Planlama ve Ki\u015fisel Geli\u015fim<\/strong><strong><br><\/strong>Hedefleri nas\u0131l belirleyece\u011finizi, becerileri nas\u0131l geli\u015ftirece\u011finizi ve profilinize ve mevcut senaryoya uygun hedefler nas\u0131l koyaca\u011f\u0131n\u0131z\u0131 ke\u015ffedin; vurgu \u015fu \u015fekildedir: <strong>kurs ve e\u011fitim ipu\u00e7lar\u0131<\/strong> farkl\u0131 alanlarla alakal\u0131.<\/p>\n<\/div><div class=\"mx-5 sm:mx-0 prose leading-relaxed text-lg mb-5 text-left wp-paragraph\">\n<p>\ud83d\udd39 <strong>\u0130\u015f Arama ve Ba\u015fvuru<\/strong><strong><br><\/strong>Modern se\u00e7im s\u00fcre\u00e7lerinde olmazsa olmaz olan \u00e7ekici bir \u00f6zge\u00e7mi\u015f olu\u015fturmak, iyi \u00f6n yaz\u0131lar yazmak ve sosyal medyada profesyonel imaj\u0131n\u0131z\u0131 g\u00fc\u00e7lendirmek i\u00e7in pratik kurallar.<\/p>\n<\/div><div class=\"mx-5 sm:mx-0 prose leading-relaxed text-lg mb-5 text-left wp-paragraph\">\n<p>\ud83d\udd39 <strong>M\u00fclakatlar ve Davran\u0131\u015f Becerileri<\/strong><strong><br><\/strong>M\u00fclakatlara ve s\u0131k\u00e7a sorulan sorulara nas\u0131l haz\u0131rlanaca\u011f\u0131n\u0131z\u0131 \u00f6\u011frenin ve ileti\u015fim, proaktiflik ve i\u015f birli\u011fi gibi ki\u015fileraras\u0131 becerilerinizi geli\u015ftirin.<\/p>\n<\/div><div class=\"mx-5 sm:mx-0 prose leading-relaxed text-lg mb-5 text-left wp-paragraph\">\n<p>\ud83d\udd39 <strong>Uzaktan \u00c7al\u0131\u015fma ve Esnek Modeller<\/strong><strong><br><\/strong>Uzaktan \u00e7al\u0131\u015fanlar (veya \u00e7al\u0131\u015fmak isteyenler) i\u00e7in zaman y\u00f6netimi, \u00fcretkenlik, dijital nezaket ve g\u00fcnl\u00fck organizasyon konusunda ipu\u00e7lar\u0131 i\u00e7eren ara\u00e7lar ve stratejiler.<\/p>\n<\/div><div class=\"mx-5 sm:mx-0 prose leading-relaxed text-lg mb-5 text-left wp-paragraph\">\n<p>\ud83d\udd39 <strong>Lider \u015eirketlerde F\u0131rsatlar<\/strong><strong><br><\/strong>B\u00fcy\u00fck \u015firketlerdeki i\u015f ilanlar\u0131 ile ilgili s\u0131k g\u00fcncellemeler. Bu i\u00e7erik bilgilendiricidir, yani Caf\u00e9 Post <strong>\u015firketleri temsil etmez veya arac\u0131 olarak hareket etmez.<\/strong><\/p>\n<\/div><!--advertisement--><div class=\"mx-5 sm:mx-0 sm:text-3xl text-2xl font-medium title-font mb-4 text-gray-900 text-left\">\n<h3 class=\"wp-block-heading\"><strong>\u00c7al\u0131\u015fma \u015eeklimiz<\/strong><\/h3>\n<\/div><div class=\"mx-5 sm:mx-0 prose leading-relaxed text-lg mb-5 text-left wp-paragraph\">\n<p>Caf\u00e9 Post, a\u00e7\u0131kl\u0131k ve \u015feffafl\u0131\u011fa tamamen ba\u011fl\u0131, ba\u011f\u0131ms\u0131z bir editoryal projedir. T\u00fcm i\u00e7erikler, kaliteli ara\u015ft\u0131rma, pazar deneyimi ve bizi takip edenlere kar\u015f\u0131 sorumluluk temelinde dahili olarak geli\u015ftirilir. <strong>\u015eirket veya a\u00e7\u0131k pozisyonlar\u0131n tan\u0131t\u0131m\u0131 i\u00e7in \u00fccretli ortakl\u0131klar kabul etmiyoruz.<\/strong><\/p>\n<\/div><div class=\"mx-5 sm:mx-0 prose leading-relaxed text-lg mb-5 text-left wp-paragraph\">\n<p>Herkesin bilin\u00e7li kariyer se\u00e7imleri yapmak i\u00e7in iyi bilgilere eri\u015fmeyi hak etti\u011fine inan\u0131yoruz. Ve s\u00fcrekli \u00f6\u011frenmenin - kurslar, mentorluk veya g\u00fcvenilir i\u00e7erikler arac\u0131l\u0131\u011f\u0131yla - profesyonel olarak b\u00fcy\u00fcmenin en g\u00fc\u00e7l\u00fc yollar\u0131ndan biri oldu\u011funa inan\u0131yoruz.<\/p>\n<\/div><div class=\"mx-5 sm:mx-0 prose leading-relaxed text-lg mb-5 text-left wp-paragraph\">\n<p>Hikayelerle veya vaat edilen sihirli form\u00fcllerle ilham vermekten daha fazlas\u0131 olan rol\u00fcm\u00fcz, faydal\u0131, sayg\u0131l\u0131 ve eri\u015filebilir i\u00e7erik sunmakt\u0131r. Caf\u00e9 Post, yolculu\u011funuzu abart\u0131s\u0131z, net bilgilerle ve pazarda \u00f6ne \u00e7\u0131kman\u0131za yard\u0131mc\u0131 olacak ger\u00e7ek ara\u00e7larla desteklemek istiyor.<\/p>\n<\/div><div class=\"mx-5 sm:mx-0 prose leading-relaxed text-lg mb-5 text-left wp-paragraph\">\n<p><\/p>\n<\/div>","protected":false},"excerpt":{"rendered":"<p>Caf\u00e9 Post, kariyerinizi netlik ve stratejiyle b\u00fcy\u00fctmek i\u00e7in g\u00fcvendi\u011finiz aland\u0131r. Burada, profesyonel geli\u015fim, uzaktan \u00e7al\u0131\u015fma f\u0131rsatlar\u0131, i\u015f arama stratejileri ve en \u00f6nemlisi kariyer yolunuzda ger\u00e7ekten fark yaratacak kurslar ve e\u011fitimler i\u00e7in \u00f6neriler hakk\u0131nda derinlemesine i\u00e7erikler bulacaks\u0131n\u0131z. Ayr\u0131ca hareketleri yak\u0131ndan takip ediyoruz\u2026 <a class=\"more-link\" href=\"https:\/\/cafepost.com.br\/tr\/about\/\">Okumaya devam et <span class=\"screen-reader-text\">Caf\u00e9 Post Hakk\u0131nda<\/span><\/a><\/p>","protected":false},"author":16,"featured_media":0,"parent":0,"menu_order":0,"comment_status":"closed","ping_status":"closed","template":"","meta":[],"yoast_head":"<!-- This site is optimized with the Yoast SEO plugin v21.1 - https:\/\/yoast.com\/wordpress\/plugins\/seo\/ -->\n<title>Sobre o Caf\u00e9 Post - Caf\u00e9 Post<\/title>\n<meta name=\"robots\" content=\"index, follow, max-snippet:-1, max-image-preview:large, max-video-preview:-1\" \/>\n<link rel=\"canonical\" href=\"https:\/\/cafepost.com.br\/tr\/about\/\" \/>\n<meta property=\"og:locale\" content=\"tr_TR\" \/>\n<meta property=\"og:type\" content=\"article\" \/>\n<meta property=\"og:title\" content=\"Sobre o Caf\u00e9 Post - Caf\u00e9 Post\" \/>\n<meta property=\"og:description\" content=\"O Caf\u00e9 Post \u00e9 o seu espa\u00e7o confi\u00e1vel para crescer na carreira com clareza e estrat\u00e9gia. Aqui, voc\u00ea encontra conte\u00fados aprofundados sobre desenvolvimento profissional, oportunidades de trabalho remoto, estrat\u00e9gias para buscar emprego e \u2014 com destaque \u2014 indica\u00e7\u00f5es de cursos e capacita\u00e7\u00f5es que realmente fazem diferen\u00e7a no seu percurso. Tamb\u00e9m acompanhamos de perto os movimentos&hellip; Continue reading Sobre o Caf\u00e9 Post\" \/>\n<meta property=\"og:url\" content=\"https:\/\/cafepost.com.br\/tr\/about\/\" \/>\n<meta property=\"og:site_name\" content=\"Caf\u00e9 Post\" \/>\n<meta property=\"article:modified_time\" content=\"2025-06-04T11:04:34+00:00\" \/>\n<meta name=\"twitter:card\" content=\"summary_large_image\" \/>\n<meta name=\"twitter:label1\" content=\"Est. reading time\" \/>\n\t<meta name=\"twitter:data1\" content=\"4 dakika\" \/>\n<script type=\"application\/ld+json\" class=\"yoast-schema-graph\">{\"@context\":\"https:\/\/schema.org\",\"@graph\":[{\"@type\":\"WebPage\",\"@id\":\"https:\/\/cafepost.com.br\/about\/\",\"url\":\"https:\/\/cafepost.com.br\/about\/\",\"name\":\"Sobre o Caf\u00e9 Post - Caf\u00e9 Post\",\"isPartOf\":{\"@id\":\"https:\/\/cafepost.com.br\/#website\"},\"datePublished\":\"2023-09-05T13:14:12+00:00\",\"dateModified\":\"2025-06-04T11:04:34+00:00\",\"breadcrumb\":{\"@id\":\"https:\/\/cafepost.com.br\/about\/#breadcrumb\"},\"inLanguage\":\"tr\",\"potentialAction\":[{\"@type\":\"ReadAction\",\"target\":[\"https:\/\/cafepost.com.br\/about\/\"]}]},{\"@type\":\"BreadcrumbList\",\"@id\":\"https:\/\/cafepost.com.br\/about\/#breadcrumb\",\"itemListElement\":[{\"@type\":\"ListItem\",\"position\":1,\"name\":\"Home\",\"item\":\"https:\/\/cafepost.com.br\/\"},{\"@type\":\"ListItem\",\"position\":2,\"name\":\"Sobre o Caf\u00e9 Post\"}]},{\"@type\":\"WebSite\",\"@id\":\"https:\/\/cafepost.com.br\/#website\",\"url\":\"https:\/\/cafepost.com.br\/\",\"name\":\"Caf\u00e9 Post\",\"description\":\"\",\"potentialAction\":[{\"@type\":\"SearchAction\",\"target\":{\"@type\":\"EntryPoint\",\"urlTemplate\":\"https:\/\/cafepost.com.br\/?s={search_term_string}\"},\"query-input\":\"required name=search_term_string\"}],\"inLanguage\":\"tr\"}]}<\/script>\n<!-- \/ Yoast SEO plugin. -->","yoast_head_json":{"title":"Sobre o Caf\u00e9 Post - Caf\u00e9 Post","robots":{"index":"index","follow":"follow","max-snippet":"max-snippet:-1","max-image-preview":"max-image-preview:large","max-video-preview":"max-video-preview:-1"},"canonical":"https:\/\/cafepost.com.br\/tr\/about\/","og_locale":"tr_TR","og_type":"article","og_title":"Sobre o Caf\u00e9 Post - Caf\u00e9 Post","og_description":"O Caf\u00e9 Post \u00e9 o seu espa\u00e7o confi\u00e1vel para crescer na carreira com clareza e estrat\u00e9gia. Aqui, voc\u00ea encontra conte\u00fados aprofundados sobre desenvolvimento profissional, oportunidades de trabalho remoto, estrat\u00e9gias para buscar emprego e \u2014 com destaque \u2014 indica\u00e7\u00f5es de cursos e capacita\u00e7\u00f5es que realmente fazem diferen\u00e7a no seu percurso. Tamb\u00e9m acompanhamos de perto os movimentos&hellip; Continue reading Sobre o Caf\u00e9 Post","og_url":"https:\/\/cafepost.com.br\/tr\/about\/","og_site_name":"Caf\u00e9 Post","article_modified_time":"2025-06-04T11:04:34+00:00","twitter_card":"summary_large_image","twitter_misc":{"Est. reading time":"4 dakika"},"schema":{"@context":"https:\/\/schema.org","@graph":[{"@type":"WebPage","@id":"https:\/\/cafepost.com.br\/about\/","url":"https:\/\/cafepost.com.br\/about\/","name":"Sobre o Caf\u00e9 Post - Caf\u00e9 Post","isPartOf":{"@id":"https:\/\/cafepost.com.br\/#website"},"datePublished":"2023-09-05T13:14:12+00:00","dateModified":"2025-06-04T11:04:34+00:00","breadcrumb":{"@id":"https:\/\/cafepost.com.br\/about\/#breadcrumb"},"inLanguage":"tr","potentialAction":[{"@type":"ReadAction","target":["https:\/\/cafepost.com.br\/about\/"]}]},{"@type":"BreadcrumbList","@id":"https:\/\/cafepost.com.br\/about\/#breadcrumb","itemListElement":[{"@type":"ListItem","position":1,"name":"Home","item":"https:\/\/cafepost.com.br\/"},{"@type":"ListItem","position":2,"name":"Sobre o Caf\u00e9 Post"}]},{"@type":"WebSite","@id":"https:\/\/cafepost.com.br\/#website","url":"https:\/\/cafepost.com.br\/","name":"Caf\u00e9 Post","description":"","potentialAction":[{"@type":"SearchAction","target":{"@type":"EntryPoint","urlTemplate":"https:\/\/cafepost.com.br\/?s={search_term_string}"},"query-input":"required name=search_term_string"}],"inLanguage":"tr"}]}},"_links":{"self":[{"href":"https:\/\/cafepost.com.br\/tr\/wp-json\/wp\/v2\/pages\/38330"}],"collection":[{"href":"https:\/\/cafepost.com.br\/tr\/wp-json\/wp\/v2\/pages"}],"about":[{"href":"https:\/\/cafepost.com.br\/tr\/wp-json\/wp\/v2\/types\/page"}],"author":[{"embeddable":true,"href":"https:\/\/cafepost.com.br\/tr\/wp-json\/wp\/v2\/users\/16"}],"replies":[{"embeddable":true,"href":"https:\/\/cafepost.com.br\/tr\/wp-json\/wp\/v2\/comments?post=38330"}],"version-history":[{"count":0,"href":"https:\/\/cafepost.com.br\/tr\/wp-json\/wp\/v2\/pages\/38330\/revisions"}],"wp:attachment":[{"href":"https:\/\/cafepost.com.br\/tr\/wp-json\/wp\/v2\/media?parent=38330"}],"curies":[{"name":"wp","href":"https:\/\/api.w.org\/{rel}","templated":true}]}}